{"id":140,"date":"2024-12-06T16:13:07","date_gmt":"2024-12-06T16:13:07","guid":{"rendered":"https:\/\/www.naturopathiecoaching.com\/online\/?page_id=140"},"modified":"2024-12-06T16:13:15","modified_gmt":"2024-12-06T16:13:15","slug":"mentions-legales","status":"publish","type":"page","link":"https:\/\/www.naturopathiecoaching.com\/online\/mentions-legales\/","title":{"rendered":"Mentions L\u00e9gales"},"content":{"rendered":"\n<p>Conform\u00e9ment aux dispositions de la loi n\u00b0 09-08 promulgu\u00e9e par le Dahir 1-09-15 du 18 f\u00e9vrier 2009, relative \u00e0 la protection des personnes physiques \u00e0 l&rsquo;\u00e9gard du traitement des donn\u00e9es \u00e0 caract\u00e8re personnel, il est port\u00e9 \u00e0 la connaissance des utilisateurs du site <a href=\"https:\/\/www.naturopathiecoaching.com\/online\/\">https:\/\/www.naturopathiecoaching.com\/online\/<\/a> les pr\u00e9sentes mentions l\u00e9gales. \u00a0<\/p>\n\n\n\n<p><strong>\u00c9diteur du site<\/strong><\/p>\n\n\n\n<p>Raison sociale : Naturo Coaching Academy<br>Forme juridique : SARL<br>Adresse : 3\u00e8me \u00e9tage N\u00b0 7, 68 RUE DE LA LIBERTE IMM AL AHRAM, Marrakech 40000<br>T\u00e9l\u00e9phone : 0600-618708<br>Email : contact@naturopathiecoaching.com<br><\/p>\n\n\n\n<p><strong>H\u00e9bergeur du site<\/strong><\/p>\n\n\n\n<p>Nom : EX2<br>Adresse : CP 70161 Qu\u00e9bec STN Qu\u00e9bec-Centre,<br>G2K 0A2<br>Qu\u00e9bec, Qu\u00e9bec<br>CANADA<\/p>\n\n\n\n<p><strong>Collecte de donn\u00e9es<\/strong><\/p>\n\n\n\n<p>Le site est susceptible de collecter des donn\u00e9es personnelles telles que : nom, pr\u00e9nom, adresse email, num\u00e9ro de t\u00e9l\u00e9phone.<\/p>\n\n\n\n<p>Ces donn\u00e9es sont collect\u00e9es dans le cadre de la gestion des demandes d&rsquo;information, des inscriptions \u00e0 la formation et des communications avec les utilisateurs.<\/p>\n\n\n\n<p>Conform\u00e9ment \u00e0 la loi n\u00b0 09-08, l&rsquo;utilisateur dispose d&rsquo;un droit d&rsquo;acc\u00e8s, de rectification et de suppression des donn\u00e9es le concernant. Il peut exercer ce droit en adressant une demande par email \u00e0 l&rsquo;adresse suivante : contact@naturopathiecoaching.com &nbsp;<\/p>\n\n\n\n<p><strong>Cookies<\/strong><\/p>\n\n\n\n<p>Le site utilise des cookies pour am\u00e9liorer l&rsquo;exp\u00e9rience utilisateur et r\u00e9aliser des statistiques de visites.<\/p>\n\n\n\n<p>L&rsquo;utilisateur peut s&rsquo;opposer \u00e0 l&rsquo;enregistrement de cookies en configurant son navigateur internet.<\/p>\n\n\n\n<p><strong>Droits d&rsquo;auteur<\/strong><\/p>\n\n\n\n<p>L&rsquo;ensemble du contenu du site est prot\u00e9g\u00e9 par le droit d&rsquo;auteur. Toute reproduction, m\u00eame partielle, est interdite.<\/p>\n\n\n\n<p><strong>Liens externes<\/strong><\/p>\n\n\n\n<p>Le site peut contenir des liens vers d&rsquo;autres sites web. L&rsquo;\u00e9diteur du site d\u00e9cline toute responsabilit\u00e9 quant au contenu de ces sites.<\/p>\n\n\n\n<p><strong>Contact<\/strong><\/p>\n\n\n\n<p>Pour toute question relative aux mentions l\u00e9gales, vous pouvez contacter l&rsquo;\u00e9diteur du site \u00e0 l&rsquo;adresse email suivante : contact@naturopathiecoaching.com<\/p>\n","protected":false},"excerpt":{"rendered":"<p>Conform\u00e9ment aux dispositions de la loi n\u00b0 09-08 promulgu\u00e9e par le Dahir 1-09-15 du 18 f\u00e9vrier 2009, relative \u00e0 la protection des personnes physiques \u00e0 l&rsquo;\u00e9gard du traitement des donn\u00e9es \u00e0 caract\u00e8re personnel, il est port\u00e9 \u00e0 la connaissance des utilisateurs du site https:\/\/www.naturopathiecoaching.com\/online\/ les pr\u00e9sentes mentions l\u00e9gales. \u00a0 \u00c9diteur du site Raison sociale : [&hellip;]<\/p>\n","protected":false},"author":1,"featured_media":0,"parent":0,"menu_order":0,"comment_status":"closed","ping_status":"closed","template":"","meta":{"footnotes":""},"class_list":["post-140","page","type-page","status-publish","hentry"],"_links":{"self":[{"href":"https:\/\/www.naturopathiecoaching.com\/online\/wp-json\/wp\/v2\/pages\/140","targetHints":{"allow":["GET"]}}],"collection":[{"href":"https:\/\/www.naturopathiecoaching.com\/online\/wp-json\/wp\/v2\/pages"}],"about":[{"href":"https:\/\/www.naturopathiecoaching.com\/online\/wp-json\/wp\/v2\/types\/page"}],"author":[{"embeddable":true,"href":"https:\/\/www.naturopathiecoaching.com\/online\/wp-json\/wp\/v2\/users\/1"}],"replies":[{"embeddable":true,"href":"https:\/\/www.naturopathiecoaching.com\/online\/wp-json\/wp\/v2\/comments?post=140"}],"version-history":[{"count":2,"href":"https:\/\/www.naturopathiecoaching.com\/online\/wp-json\/wp\/v2\/pages\/140\/revisions"}],"predecessor-version":[{"id":142,"href":"https:\/\/www.naturopathiecoaching.com\/online\/wp-json\/wp\/v2\/pages\/140\/revisions\/142"}],"wp:attachment":[{"href":"https:\/\/www.naturopathiecoaching.com\/online\/wp-json\/wp\/v2\/media?parent=140"}],"curies":[{"name":"wp","href":"https:\/\/api.w.org\/{rel}","templated":true}]}}